{"id":506,"date":"2025-08-30T01:28:00","date_gmt":"2025-08-30T01:28:00","guid":{"rendered":"https:\/\/kardiz.deepata.com\/?post_type=product&#038;p=506"},"modified":"2025-08-30T01:28:00","modified_gmt":"2025-08-30T01:28:00","slug":"zapatillas-caballero-c1136","status":"publish","type":"product","link":"https:\/\/kardiz.deepata.com\/?product=zapatillas-caballero-c1136","title":{"rendered":"Zapatillas caballero C1136"},"content":{"rendered":"","protected":false},"excerpt":{"rendered":"<p>Buen acabado planta de goma, liviana y antideslizante<br \/>\nLa tallas son normales, son exactas, para pie empeine delgado normal (en caso sea el empeine grueso o ancho, mejor pedir una talla m\u00e1s)<br \/>\nSe limpia por fuera y dentro con un pa\u00f1o h\u00famedo y con jab\u00f3n l\u00edquido, utilizar un cepillo o escobilla suave y secar al sol.<br \/>\nNo usar lavadora, no remojar en agua, para mejor duraci\u00f3n.<\/p>\n","protected":false},"featured_media":507,"comment_status":"open","ping_status":"closed","template":"","meta":[],"product_brand":[],"product_cat":[38],"product_tag":[],"class_list":{"0":"post-506","1":"product","2":"type-product","3":"status-publish","4":"has-post-thumbnail","6":"product_cat-zapatillas-caballero","8":"first","9":"instock","10":"sale","11":"shipping-taxable","12":"purchasable","13":"product-type-variable"},"_links":{"self":[{"href":"https:\/\/kardiz.deepata.com\/index.php?rest_route=\/wp\/v2\/product\/506","targetHints":{"allow":["GET"]}}],"collection":[{"href":"https:\/\/kardiz.deepata.com\/index.php?rest_route=\/wp\/v2\/product"}],"about":[{"href":"https:\/\/kardiz.deepata.com\/index.php?rest_route=\/wp\/v2\/types\/product"}],"replies":[{"embeddable":true,"href":"https:\/\/kardiz.deepata.com\/index.php?rest_route=%2Fwp%2Fv2%2Fcomments&post=506"}],"wp:featuredmedia":[{"embeddable":true,"href":"https:\/\/kardiz.deepata.com\/index.php?rest_route=\/wp\/v2\/media\/507"}],"wp:attachment":[{"href":"https:\/\/kardiz.deepata.com\/index.php?rest_route=%2Fwp%2Fv2%2Fmedia&parent=506"}],"wp:term":[{"taxonomy":"product_brand","embeddable":true,"href":"https:\/\/kardiz.deepata.com\/index.php?rest_route=%2Fwp%2Fv2%2Fproduct_brand&post=506"},{"taxonomy":"product_cat","embeddable":true,"href":"https:\/\/kardiz.deepata.com\/index.php?rest_route=%2Fwp%2Fv2%2Fproduct_cat&post=506"},{"taxonomy":"product_tag","embeddable":true,"href":"https:\/\/kardiz.deepata.com\/index.php?rest_route=%2Fwp%2Fv2%2Fproduct_tag&post=506"}],"curies":[{"name":"wp","href":"https:\/\/api.w.org\/{rel}","templated":true}]}}