{"id":473,"date":"2025-08-29T00:19:42","date_gmt":"2025-08-29T00:19:42","guid":{"rendered":"https:\/\/kardiz.deepata.com\/?post_type=product&#038;p=473"},"modified":"2025-08-29T00:19:42","modified_gmt":"2025-08-29T00:19:42","slug":"baggy-jeans-rigido-1-boton-p2127","status":"publish","type":"product","link":"https:\/\/kardiz.deepata.com\/?product=baggy-jeans-rigido-1-boton-p2127","title":{"rendered":"Baggy jeans r\u00edgido 1 bot\u00f3n P2127"},"content":{"rendered":"","protected":false},"excerpt":{"rendered":"<p>A la cintura, corte coraz\u00f3n, pinzas levantacola, bolsillos traseros, tiene bordado<\/p>\n","protected":false},"featured_media":474,"comment_status":"open","ping_status":"closed","template":"","meta":[],"product_brand":[],"product_cat":[35],"product_tag":[],"class_list":{"0":"post-473","1":"product","2":"type-product","3":"status-publish","4":"has-post-thumbnail","6":"product_cat-jeans-rigido-dama","8":"first","9":"instock","10":"sale","11":"shipping-taxable","12":"purchasable","13":"product-type-variable"},"_links":{"self":[{"href":"https:\/\/kardiz.deepata.com\/index.php?rest_route=\/wp\/v2\/product\/473","targetHints":{"allow":["GET"]}}],"collection":[{"href":"https:\/\/kardiz.deepata.com\/index.php?rest_route=\/wp\/v2\/product"}],"about":[{"href":"https:\/\/kardiz.deepata.com\/index.php?rest_route=\/wp\/v2\/types\/product"}],"replies":[{"embeddable":true,"href":"https:\/\/kardiz.deepata.com\/index.php?rest_route=%2Fwp%2Fv2%2Fcomments&post=473"}],"wp:featuredmedia":[{"embeddable":true,"href":"https:\/\/kardiz.deepata.com\/index.php?rest_route=\/wp\/v2\/media\/474"}],"wp:attachment":[{"href":"https:\/\/kardiz.deepata.com\/index.php?rest_route=%2Fwp%2Fv2%2Fmedia&parent=473"}],"wp:term":[{"taxonomy":"product_brand","embeddable":true,"href":"https:\/\/kardiz.deepata.com\/index.php?rest_route=%2Fwp%2Fv2%2Fproduct_brand&post=473"},{"taxonomy":"product_cat","embeddable":true,"href":"https:\/\/kardiz.deepata.com\/index.php?rest_route=%2Fwp%2Fv2%2Fproduct_cat&post=473"},{"taxonomy":"product_tag","embeddable":true,"href":"https:\/\/kardiz.deepata.com\/index.php?rest_route=%2Fwp%2Fv2%2Fproduct_tag&post=473"}],"curies":[{"name":"wp","href":"https:\/\/api.w.org\/{rel}","templated":true}]}}