{"id":412,"date":"2025-08-17T01:31:40","date_gmt":"2025-08-17T01:31:40","guid":{"rendered":"https:\/\/kardiz.deepata.com\/?post_type=product&#038;p=412"},"modified":"2025-08-17T01:31:40","modified_gmt":"2025-08-17T01:31:40","slug":"serum-reparador-retinol-0-5-30-ml-dermo","status":"publish","type":"product","link":"https:\/\/kardiz.deepata.com\/?product=serum-reparador-retinol-0-5-30-ml-dermo","title":{"rendered":"Serum Reparador Retinol 0.5 30 Ml Dermo"},"content":{"rendered":"<p>S\u00e9rum antiedad por excelencia, gracias a su contenido en Retinol (vitamina A).<br \/>\nIdeal para pieles resistentes.<br \/>\nNo est\u00e1 recomendado para pieles sensibles<br \/>\nAyuda a que la piel produzca col\u00e1geno, elastina y \u00e1cido hialur\u00f3nico de manera natural, dando una piel rejuvenecida.<br \/>\nUso exclusivo por las noches.<br \/>\nMODO DE APLICACI\u00d3N:<br \/>\nAplicar 1 a 2 gotas.<br \/>\nEsparcirlo por todo el rostro, realizando suaves masajes para una buena homogenizaci\u00f3n.<br \/>\nAplicaci\u00f3n solo 3 veces por semana.<br \/>\nInformaci\u00f3n destacada<br \/>\nPRODUCTO: S\u00e9rum anti-edad &#8211; Retinol 0,5 30ml &#8211; Dermosumak<br \/>\nMarca: DERMOSUMAK<br \/>\nCantidad: 30ml<br \/>\nTipo de producto: Serum<br \/>\nUso: Aplicar 2veces al dia .<\/p>\n","protected":false},"excerpt":{"rendered":"<p>S\u00e9rum antiedad con Retinol 0,5 (vitamina A), ideal para pieles resistentes. Estimula la producci\u00f3n natural de col\u00e1geno, elastina y \u00e1cido hialur\u00f3nico, mejorando firmeza y rejuveneciendo la piel. Uso nocturno, aplicar 1-2 gotas con suaves masajes, 3 veces por semana. Presentaci\u00f3n de 30m<\/p>\n","protected":false},"featured_media":413,"comment_status":"open","ping_status":"closed","template":"","meta":[],"product_brand":[],"product_cat":[30],"product_tag":[],"class_list":{"0":"post-412","1":"product","2":"type-product","3":"status-publish","4":"has-post-thumbnail","6":"product_cat-belleza","8":"first","9":"instock","10":"sale","11":"shipping-taxable","12":"purchasable","13":"product-type-simple"},"_links":{"self":[{"href":"https:\/\/kardiz.deepata.com\/index.php?rest_route=\/wp\/v2\/product\/412","targetHints":{"allow":["GET"]}}],"collection":[{"href":"https:\/\/kardiz.deepata.com\/index.php?rest_route=\/wp\/v2\/product"}],"about":[{"href":"https:\/\/kardiz.deepata.com\/index.php?rest_route=\/wp\/v2\/types\/product"}],"replies":[{"embeddable":true,"href":"https:\/\/kardiz.deepata.com\/index.php?rest_route=%2Fwp%2Fv2%2Fcomments&post=412"}],"wp:featuredmedia":[{"embeddable":true,"href":"https:\/\/kardiz.deepata.com\/index.php?rest_route=\/wp\/v2\/media\/413"}],"wp:attachment":[{"href":"https:\/\/kardiz.deepata.com\/index.php?rest_route=%2Fwp%2Fv2%2Fmedia&parent=412"}],"wp:term":[{"taxonomy":"product_brand","embeddable":true,"href":"https:\/\/kardiz.deepata.com\/index.php?rest_route=%2Fwp%2Fv2%2Fproduct_brand&post=412"},{"taxonomy":"product_cat","embeddable":true,"href":"https:\/\/kardiz.deepata.com\/index.php?rest_route=%2Fwp%2Fv2%2Fproduct_cat&post=412"},{"taxonomy":"product_tag","embeddable":true,"href":"https:\/\/kardiz.deepata.com\/index.php?rest_route=%2Fwp%2Fv2%2Fproduct_tag&post=412"}],"curies":[{"name":"wp","href":"https:\/\/api.w.org\/{rel}","templated":true}]}}