{"id":248,"date":"2025-07-31T16:34:32","date_gmt":"2025-07-31T16:34:32","guid":{"rendered":"https:\/\/kardiz.deepata.com\/?post_type=product&#038;p=248"},"modified":"2025-07-31T16:34:32","modified_gmt":"2025-07-31T16:34:32","slug":"zapatilla-dama-5782","status":"publish","type":"product","link":"https:\/\/kardiz.deepata.com\/?product=zapatilla-dama-5782","title":{"rendered":"Zapatilla Dama 5782"},"content":{"rendered":"<p>Dise\u00f1adas para mujeres activas y modernas, nuestras zapatillas urbanas combinan biocuero resistente con una suela de goma antideslizante, ofreciendo un estilo fresco, ecol\u00f3gico y lleno de comodidad.<\/p>\n<p>Con una plantilla acolchada que brinda soporte durante todo el d\u00eda y un dise\u00f1o vers\u00e1til que va con cualquier look, estas zapatillas son ideales para el uso diario, ya sea para caminar, trabajar o salir con amigas.<\/p>\n<p>\ud83d\udc49 Buen acabado planta de goma, liviana y antideslizante<br \/>\n\ud83d\udc49 La tallas son normales, son exactas, para pie empeine delgado normal (en caso sea el empeine grueso o ancho, mejor pedir una talla m\u00e1s)<br \/>\n\ud83d\udc49 Se limpia por fuera y dentro, con un pa\u00f1o h\u00famedo y con jab\u00f3n l\u00edquido, utilizar un cepillo o escobilla suave y secar al sol.<br \/>\n\u274c No usar lavadora, no remojar en agua, para mejor duraci\u00f3n.<\/p>\n<p>\u00a1Da el siguiente paso con estilo y conciencia ambiental!.<\/p>\n","protected":false},"excerpt":{"rendered":"<p>Zapatillas Importadas de mujer fabricadas con biocuero de alta calidad y suela de goma flexible. Comodidad, estilo urbano y sostenibilidad en un solo calzado.<br \/>\nUn calzado c\u00f3modo, ligero y con estilo. Son la elecci\u00f3n ideal para tus d\u00edas m\u00e1s activos sin renunciar al buen gusto.<\/p>\n","protected":false},"featured_media":249,"comment_status":"open","ping_status":"closed","template":"","meta":[],"product_brand":[],"product_cat":[27],"product_tag":[],"class_list":{"0":"post-248","1":"product","2":"type-product","3":"status-publish","4":"has-post-thumbnail","6":"product_cat-zapatillas-damas","8":"first","9":"instock","10":"sale","11":"shipping-taxable","12":"purchasable","13":"product-type-variable"},"_links":{"self":[{"href":"https:\/\/kardiz.deepata.com\/index.php?rest_route=\/wp\/v2\/product\/248","targetHints":{"allow":["GET"]}}],"collection":[{"href":"https:\/\/kardiz.deepata.com\/index.php?rest_route=\/wp\/v2\/product"}],"about":[{"href":"https:\/\/kardiz.deepata.com\/index.php?rest_route=\/wp\/v2\/types\/product"}],"replies":[{"embeddable":true,"href":"https:\/\/kardiz.deepata.com\/index.php?rest_route=%2Fwp%2Fv2%2Fcomments&post=248"}],"wp:featuredmedia":[{"embeddable":true,"href":"https:\/\/kardiz.deepata.com\/index.php?rest_route=\/wp\/v2\/media\/249"}],"wp:attachment":[{"href":"https:\/\/kardiz.deepata.com\/index.php?rest_route=%2Fwp%2Fv2%2Fmedia&parent=248"}],"wp:term":[{"taxonomy":"product_brand","embeddable":true,"href":"https:\/\/kardiz.deepata.com\/index.php?rest_route=%2Fwp%2Fv2%2Fproduct_brand&post=248"},{"taxonomy":"product_cat","embeddable":true,"href":"https:\/\/kardiz.deepata.com\/index.php?rest_route=%2Fwp%2Fv2%2Fproduct_cat&post=248"},{"taxonomy":"product_tag","embeddable":true,"href":"https:\/\/kardiz.deepata.com\/index.php?rest_route=%2Fwp%2Fv2%2Fproduct_tag&post=248"}],"curies":[{"name":"wp","href":"https:\/\/api.w.org\/{rel}","templated":true}]}}