{"id":3,"date":"2025-04-13T14:32:41","date_gmt":"2025-04-13T14:32:41","guid":{"rendered":"https:\/\/kardiz.deepata.com\/home\/deepata\/domains\/kardiz.deepata.com\/public_html\/?page_id=3"},"modified":"2025-04-13T18:14:59","modified_gmt":"2025-04-13T18:14:59","slug":"privacy-policy","status":"publish","type":"page","link":"https:\/\/kardiz.deepata.com\/?page_id=3","title":{"rendered":"Aviso de privacidad."},"content":{"rendered":"<pre class=\"wp-block-preformatted\"><strong>AVISO DE PRIVACIDAD<br><\/strong><br><strong>KARDIZ<\/strong>, comercialmente conocido como KARDIZ, con domicilio en KARDIZ, es el responsable del uso y protecci\u00f3n de sus datos personales.<br><br><strong>FINALIDADES PRIMARIAS<\/strong><br>Los datos personales que recabamos de usted, los utilizaremos para las siguientes finalidades que son necesarias para el servicio que solicita:<br><br>\u2022 Env\u00edo de productos adquiridos en esta tienda en l\u00ednea<br><br><strong>DATOS PERSONALES RECABADOS<\/strong><br>Para las finalidades se\u00f1aladas en el presente aviso de privacidad, podemos recabar sus datos de identificaci\u00f3n y contacto.<br><br><strong>DERECHOS ARCO<\/strong><br>Usted tiene derecho a conocer qu\u00e9 datos personales tenemos de usted, para qu\u00e9 los utilizamos y las condiciones del uso que les damos (Acceso). Asimismo, es su derecho solicitar la correcci\u00f3n de su informaci\u00f3n personal en caso de que est\u00e9 desactualizada, sea inexacta o incompleta (Rectificaci\u00f3n); que la eliminemos de nuestros registros o bases de datos cuando considere que la misma no est\u00e1 siendo utilizada adecuadamente (Cancelaci\u00f3n); as\u00ed como oponerse al uso de sus datos personales para fines espec\u00edficos (Oposici\u00f3n). Estos derechos se conocen como derechos ARCO.<br><br>Para el ejercicio de cualquiera de los derechos ARCO, usted deber\u00e1 presentar la solicitud respectiva a trav\u00e9s de Al mismo correo donde se envi\u00f3 la petici\u00f3n. . La respuesta a su solicitud ser\u00e1 atendida en un plazo m\u00e1ximo de 10 d\u00edas h\u00e1biles.<br><br><strong>DATOS RECABADOS POR EL SITIO WEB<\/strong><br>Nuestro sitio web recaba autom\u00e1ticamente los siguientes datos:<br><br>\u2022 Identificadores, nombre de usuario y contrase\u00f1as de sesi\u00f3n<br><br><strong>CONTACTO<\/strong><br>Para m\u00e1s informaci\u00f3n sobre este aviso de privacidad, puede contactarnos en:<br><br>Sitio web: kardiz.deepata.com<br><br>\u00daltima actualizaci\u00f3n: 13\/4\/2025<\/pre>","protected":false},"excerpt":{"rendered":"<p>AVISO DE PRIVACIDADKARDIZ, comercialmente conocido como KARDIZ, con domicilio en KARDIZ, es el responsable del uso y protecci\u00f3n de sus datos personales.FINALIDADES PRIMARIASLos datos personales que recabamos de usted, los utilizaremos para las siguientes finalidades que son necesarias para el servicio que solicita:\u2022 Env\u00edo de productos adquiridos en esta tienda en l\u00edneaDATOS PERSONALES RECABADOSPara las [&hellip;]<\/p>\n","protected":false},"author":1,"featured_media":0,"parent":0,"menu_order":0,"comment_status":"closed","ping_status":"open","template":"","meta":{"footnotes":""},"class_list":["post-3","page","type-page","status-publish","hentry"],"blocksy_meta":{"vertical_spacing_source":"custom","content_area_spacing":"none","has_hero_section":"disabled","styles_descriptor":{"styles":{"desktop":"","tablet":"","mobile":""},"google_fonts":[],"version":6}},"_links":{"self":[{"href":"https:\/\/kardiz.deepata.com\/index.php?rest_route=\/wp\/v2\/pages\/3","targetHints":{"allow":["GET"]}}],"collection":[{"href":"https:\/\/kardiz.deepata.com\/index.php?rest_route=\/wp\/v2\/pages"}],"about":[{"href":"https:\/\/kardiz.deepata.com\/index.php?rest_route=\/wp\/v2\/types\/page"}],"author":[{"embeddable":true,"href":"https:\/\/kardiz.deepata.com\/index.php?rest_route=\/wp\/v2\/users\/1"}],"replies":[{"embeddable":true,"href":"https:\/\/kardiz.deepata.com\/index.php?rest_route=%2Fwp%2Fv2%2Fcomments&post=3"}],"version-history":[{"count":2,"href":"https:\/\/kardiz.deepata.com\/index.php?rest_route=\/wp\/v2\/pages\/3\/revisions"}],"predecessor-version":[{"id":95,"href":"https:\/\/kardiz.deepata.com\/index.php?rest_route=\/wp\/v2\/pages\/3\/revisions\/95"}],"wp:attachment":[{"href":"https:\/\/kardiz.deepata.com\/index.php?rest_route=%2Fwp%2Fv2%2Fmedia&parent=3"}],"curies":[{"name":"wp","href":"https:\/\/api.w.org\/{rel}","templated":true}]}}